{"id":2,"date":"2012-06-06T13:02:20","date_gmt":"2012-06-06T11:02:20","guid":{"rendered":"http:\/\/skibeck.cz\/?page_id=2"},"modified":"2014-06-20T10:39:17","modified_gmt":"2014-06-20T08:39:17","slug":"sample-page","status":"publish","type":"page","link":"https:\/\/skibeck.cz\/?page_id=2","title":{"rendered":"Kalend\u00e1\u0159 akc\u00ed"},"content":{"rendered":"","protected":false},"excerpt":{"rendered":"","protected":false},"author":1,"featured_media":0,"parent":0,"menu_order":2,"comment_status":"open","ping_status":"open","template":"","meta":{"ngg_post_thumbnail":0},"_links":{"self":[{"href":"https:\/\/skibeck.cz\/index.php?rest_route=\/wp\/v2\/pages\/2"}],"collection":[{"href":"https:\/\/skibeck.cz\/index.php?rest_route=\/wp\/v2\/pages"}],"about":[{"href":"https:\/\/skibeck.cz\/index.php?rest_route=\/wp\/v2\/types\/page"}],"author":[{"embeddable":true,"href":"https:\/\/skibeck.cz\/index.php?rest_route=\/wp\/v2\/users\/1"}],"replies":[{"embeddable":true,"href":"https:\/\/skibeck.cz\/index.php?rest_route=%2Fwp%2Fv2%2Fcomments&post=2"}],"version-history":[{"count":10,"href":"https:\/\/skibeck.cz\/index.php?rest_route=\/wp\/v2\/pages\/2\/revisions"}],"predecessor-version":[{"id":597,"href":"https:\/\/skibeck.cz\/index.php?rest_route=\/wp\/v2\/pages\/2\/revisions\/597"}],"wp:attachment":[{"href":"https:\/\/skibeck.cz\/index.php?rest_route=%2Fwp%2Fv2%2Fmedia&parent=2"}],"curies":[{"name":"wp","href":"https:\/\/api.w.org\/{rel}","templated":true}]}}